{"id":14,"date":"2020-04-29T10:18:03","date_gmt":"2020-04-29T08:18:03","guid":{"rendered":"http:\/\/manonbertin.com\/?page_id=14"},"modified":"2020-05-04T15:01:18","modified_gmt":"2020-05-04T13:01:18","slug":"enseignement","status":"publish","type":"page","link":"https:\/\/manonbertin.com\/en\/enseignement\/","title":{"rendered":"Teaching"},"content":{"rendered":"<h4>[2019 &#8211; 2020] Mission enseignement \u00e0 l&rsquo;Universit\u00e9 de Rouen Normandie, D\u00e9partement d&rsquo;Informatique<\/h4>\n\n\n\n<ul><li><a href=\"https:\/\/dpt-info-sciences.univ-rouen.fr\/index.php\/le-contenu-pedagogique\/1re-annee?id=2001\">Bases de la programmation imp\u00e9rative<\/a> (TD et TP, 64h)<\/li><\/ul>\n\n\n\n<hr class=\"wp-block-separator is-style-default\"\/>\n\n\n\n<h4>[2018 &#8211; 2019] Mission enseignement \u00e0 l&rsquo;INSA Rouen Normandie, D\u00e9partements Architecture des Syst\u00e8mes d&rsquo;Information (ASI) et Sciences et Techniques Pour l&rsquo;Ing\u00e9nieur (STPI)<\/h4>\n\n\n\n<ul><li>Remise \u00e0 niveau en math\u00e9matiques (ASI, TD, 18h)<\/li><li><a href=\"http:\/\/asi.insa-rouen.fr\/fr\/dyn\/cours%3Flanguage=fr&amp;id=STAT.html\">Statistiques<\/a> (ASI, TP, 18h)<\/li><li>Algorithmique et programmation structur\u00e9e (STPI, TD et TP, 24h)<\/li><\/ul>\n\n\n\n<hr class=\"wp-block-separator is-style-default\"\/>\n\n\n\n<h4>[2017 &#8211; 2018] Vacations \u00e0 l&rsquo;Universit\u00e9 de Rouen Normandie, D\u00e9partement d&rsquo;Informatique<\/h4>\n\n\n\n<ul><li><a href=\"https:\/\/dpt-info-sciences.univ-rouen.fr\/index.php\/le-contenu-pedagogique\/1re-annee?id=2003\">Applications Web<\/a> (TP, 48h)<\/li><\/ul>","protected":false},"excerpt":{"rendered":"<p>[2019 &#8211; 2020] Mission enseignement \u00e0 l&rsquo;Universit\u00e9 de Rouen Normandie, D\u00e9partement d&rsquo;Informatique Bases de la programmation imp\u00e9rative (TD et TP, 64h) [2018 &#8211; 2019] Mission enseignement \u00e0 l&rsquo;INSA Rouen Normandie, D\u00e9partements Architecture des Syst\u00e8mes d&rsquo;Information (ASI) et Sciences et Techniques [&hellip;]<\/p>","protected":false},"author":1,"featured_media":0,"parent":0,"menu_order":0,"comment_status":"closed","ping_status":"closed","template":"","meta":[],"_links":{"self":[{"href":"https:\/\/manonbertin.com\/en\/wp-json\/wp\/v2\/pages\/14"}],"collection":[{"href":"https:\/\/manonbertin.com\/en\/wp-json\/wp\/v2\/pages"}],"about":[{"href":"https:\/\/manonbertin.com\/en\/wp-json\/wp\/v2\/types\/page"}],"author":[{"embeddable":true,"href":"https:\/\/manonbertin.com\/en\/wp-json\/wp\/v2\/users\/1"}],"replies":[{"embeddable":true,"href":"https:\/\/manonbertin.com\/en\/wp-json\/wp\/v2\/comments?post=14"}],"version-history":[{"count":14,"href":"https:\/\/manonbertin.com\/en\/wp-json\/wp\/v2\/pages\/14\/revisions"}],"predecessor-version":[{"id":122,"href":"https:\/\/manonbertin.com\/en\/wp-json\/wp\/v2\/pages\/14\/revisions\/122"}],"wp:attachment":[{"href":"https:\/\/manonbertin.com\/en\/wp-json\/wp\/v2\/media?parent=14"}],"curies":[{"name":"wp","href":"https:\/\/api.w.org\/{rel}","templated":true}]}}